{"id":324,"date":"2020-07-05T22:27:07","date_gmt":"2020-07-05T20:27:07","guid":{"rendered":"https:\/\/nks-wohltat.de\/?page_id=324"},"modified":"2020-07-05T22:38:18","modified_gmt":"2020-07-05T20:38:18","slug":"unterstuetzung-2020","status":"publish","type":"page","link":"https:\/\/nks-wohltat.de\/?page_id=324","title":{"rendered":"Unterst\u00fctzung 2020"},"content":{"rendered":"<p>Das haben wir 2020 unterst\u00fctzt<\/p>\n<p><span lang=\"EN-US\"><div class='pfpItem entry-content'><h2 class='entry-title'><a href='https:\/\/nks-wohltat.de\/?p=327'>Hilfe die ankommt<\/a><\/h2><img decoding=\"async\" src=\"https:\/\/nks-wohltat.de\/wp-content\/uploads\/2020\/07\/\u00dcbergabe-200701-150x150.jpg\" \/><p class=\"western\">P\u00fcnktlich zur Wiederaufnahme des Fahrbetriebs durch den B\u00fcrgerbus Neunkirchen-Seelscheid konnten wir die \u201eTafel\u201c mit 500 Freifahrscheinen f\u00fcr den B\u00fcrgerbus unterst\u00fctzen. Diakon Markus Schlimm freute sich f\u00fcr die Tafel \u00fcber die Sachspende, <span style=\"color: #000000;\"><span style=\"font-size: medium;\"><span lang=\"de-DE\">helfe<\/span><\/span><\/span> sie doch viele der durch die Tafel betreuten Personen mobil zu machen...<a href='https:\/\/nks-wohltat.de\/?p=327' class='pfpReadMore'>Weiterlesen &raquo;<\/a><div class='clear'><\/div><hr><\/div><\/span><\/p>\n","protected":false},"excerpt":{"rendered":"<p>Das haben wir 2020 unterst\u00fctzt<\/p>\n","protected":false},"author":2,"featured_media":0,"parent":61,"menu_order":0,"comment_status":"closed","ping_status":"closed","template":"","meta":{"footnotes":""},"class_list":["post-324","page","type-page","status-publish","h-entry","hentry","h-as-page"],"_links":{"self":[{"href":"https:\/\/nks-wohltat.de\/index.php?rest_route=\/wp\/v2\/pages\/324","targetHints":{"allow":["GET"]}}],"collection":[{"href":"https:\/\/nks-wohltat.de\/index.php?rest_route=\/wp\/v2\/pages"}],"about":[{"href":"https:\/\/nks-wohltat.de\/index.php?rest_route=\/wp\/v2\/types\/page"}],"author":[{"embeddable":true,"href":"https:\/\/nks-wohltat.de\/index.php?rest_route=\/wp\/v2\/users\/2"}],"replies":[{"embeddable":true,"href":"https:\/\/nks-wohltat.de\/index.php?rest_route=%2Fwp%2Fv2%2Fcomments&post=324"}],"version-history":[{"count":2,"href":"https:\/\/nks-wohltat.de\/index.php?rest_route=\/wp\/v2\/pages\/324\/revisions"}],"predecessor-version":[{"id":329,"href":"https:\/\/nks-wohltat.de\/index.php?rest_route=\/wp\/v2\/pages\/324\/revisions\/329"}],"up":[{"embeddable":true,"href":"https:\/\/nks-wohltat.de\/index.php?rest_route=\/wp\/v2\/pages\/61"}],"wp:attachment":[{"href":"https:\/\/nks-wohltat.de\/index.php?rest_route=%2Fwp%2Fv2%2Fmedia&parent=324"}],"curies":[{"name":"wp","href":"https:\/\/api.w.org\/{rel}","templated":true}]}}